{"id":2187,"date":"2020-10-08T10:04:54","date_gmt":"2020-10-08T10:04:54","guid":{"rendered":"http:\/\/estiguin.com\/?page_id=2187"},"modified":"2020-10-14T13:51:04","modified_gmt":"2020-10-14T13:51:04","slug":"politica-de-cookies","status":"publish","type":"page","link":"http:\/\/estiguin.com\/index.php\/politica-de-cookies\/","title":{"rendered":"Pol\u00edtica de Cookies"},"content":{"rendered":"\t\t<div data-elementor-type=\"wp-page\" data-elementor-id=\"2187\" class=\"elementor elementor-2187\" data-elementor-settings=\"[]\">\n\t\t\t\t\t\t<div class=\"elementor-inner\">\n\t\t\t\t\t\t\t<div class=\"elementor-section-wrap\">\n\t\t\t\t\t\t\t<section class=\"elementor-section elementor-top-section elementor-element elementor-element-5bbdc26 elementor-section-boxed elementor-section-height-default elementor-section-height-default\" data-id=\"5bbdc26\" data-element_type=\"section\">\n\t\t\t\t\t\t<div class=\"elementor-container elementor-column-gap-default\">\n\t\t\t\t\t\t\t<div class=\"elementor-row\">\n\t\t\t\t\t<div class=\"elementor-column elementor-col-100 elementor-top-column elementor-element elementor-element-4b2a41d\" data-id=\"4b2a41d\" data-element_type=\"column\">\n\t\t\t<div class=\"elementor-column-wrap\">\n\t\t\t\t\t\t\t<div class=\"elementor-widget-wrap\">\n\t\t\t\t\t\t\t\t<\/div>\n\t\t\t\t\t<\/div>\n\t\t<\/div>\n\t\t\t\t\t\t\t\t<\/div>\n\t\t\t\t\t<\/div>\n\t\t<\/section>\n\t\t\t\t<section class=\"elementor-section elementor-top-section elementor-element elementor-element-5578c6f elementor-section-boxed elementor-section-height-default elementor-section-height-default\" data-id=\"5578c6f\" data-element_type=\"section\">\n\t\t\t\t\t\t\t<div class=\"elementor-background-overlay\"><\/div>\n\t\t\t\t\t\t\t<div class=\"elementor-container elementor-column-gap-default\">\n\t\t\t\t\t\t\t<div class=\"elementor-row\">\n\t\t\t\t\t<div class=\"elementor-column elementor-col-100 elementor-top-column elementor-element elementor-element-2f80205\" data-id=\"2f80205\" data-element_type=\"column\">\n\t\t\t<div class=\"elementor-column-wrap elementor-element-populated\">\n\t\t\t\t\t\t\t<div class=\"elementor-widget-wrap\">\n\t\t\t\t\t\t<div class=\"elementor-element elementor-element-7ef5490 elementor-widget elementor-widget-heading\" data-id=\"7ef5490\" data-element_type=\"widget\" data-widget_type=\"heading.default\">\n\t\t\t\t<div class=\"elementor-widget-container\">\n\t\t\t<h2 class=\"elementor-heading-title elementor-size-default\">Pol\u00edtica de cookies<\/h2>\t\t<\/div>\n\t\t\t\t<\/div>\n\t\t\t\t\t\t<\/div>\n\t\t\t\t\t<\/div>\n\t\t<\/div>\n\t\t\t\t\t\t\t\t<\/div>\n\t\t\t\t\t<\/div>\n\t\t<\/section>\n\t\t\t\t<section class=\"elementor-section elementor-top-section elementor-element elementor-element-20ec30c elementor-section-boxed elementor-section-height-default elementor-section-height-default\" data-id=\"20ec30c\" data-element_type=\"section\">\n\t\t\t\t\t\t<div class=\"elementor-container elementor-column-gap-default\">\n\t\t\t\t\t\t\t<div class=\"elementor-row\">\n\t\t\t\t\t<div class=\"elementor-column elementor-col-100 elementor-top-column elementor-element elementor-element-e357e01\" data-id=\"e357e01\" data-element_type=\"column\">\n\t\t\t<div class=\"elementor-column-wrap elementor-element-populated\">\n\t\t\t\t\t\t\t<div class=\"elementor-widget-wrap\">\n\t\t\t\t\t\t<div class=\"elementor-element elementor-element-180a995 elementor-widget elementor-widget-text-editor\" data-id=\"180a995\" data-element_type=\"widget\" data-widget_type=\"text-editor.default\">\n\t\t\t\t<div class=\"elementor-widget-container\">\n\t\t\t\t\t\t\t\t<div class=\"elementor-text-editor elementor-clearfix\">\n\t\t\t\t<div class=\"elementor-element elementor-element-5706ff6 elementor-widget elementor-widget-text-editor\" data-id=\"5706ff6\" data-element_type=\"widget\" data-widget_type=\"text-editor.default\"><div class=\"elementor-widget-container\"><div class=\"elementor-text-editor elementor-clearfix\"><p>Seg\u00fan la Ley 34\/2002, de 11 de julio, de Servicios de la Sociedad de la Informaci\u00f3n y Comercio Electr\u00f3nico, (LSSICE) le informamos que nuestro sitio web utiliza Cookies propias y de terceros.<\/p><p>Como Usuario de nuestro sitio web, le informamos que utilizamos cookies y\/o tecnolog\u00edas similares (en adelante cookies) que almacenan y recuperan informaci\u00f3n cuando navega. En general, estas tecnolog\u00edas pueden servir para finalidades muy diversas, como, por ejemplo, reconocerle como usuario, obtener informaci\u00f3n sobre sus h\u00e1bitos de navegaci\u00f3n, enviarle publicidad o personalizar la forma en que se muestra el contenido.\u00a0<\/p><p>A continuaci\u00f3n le detallamos los diferentes tipos de cookies existentes:<\/p><p><strong>\u00a0<\/strong><\/p><p><strong>1.\u00a0 Tipo de cookies seg\u00fan su finalidad<\/strong><\/p><p><u>Cookies T\u00e9cnicas:<\/u><\/p><p>Permiten al usuario controlar el tr\u00e1fico de datos, identificar la sesi\u00f3n, realizar compras, realizar solicitudes, utilizar elementos de seguridad durante la navegaci\u00f3n, almacenar contenidos para visualizaci\u00f3n de videos o sonido o compartir contenidos mediante las redes sociales.\u00a0<\/p><p><u>Cookies de An\u00e1lisis\/Medici\u00f3n:<\/u><\/p><p>Permiten al responsable de estas, realizar an\u00e1lisis del comportamiento de los usuarios del sitio web y se utilizan para la medici\u00f3n de la actividad del sitio web y para elaborar perfiles de navegaci\u00f3n de los usuarios, con la finalidad de ofrecer mejoras de uso para los usuarios.<\/p><p><u>Cookies Sociales:<\/u><\/p><p>Son necesarias para las redes sociales externas (Facebook, Twitter, Pinterest, Instagram, etc.). Su funci\u00f3n es controlar la interacci\u00f3n con los widgets sociales dentro del sitio web.<\/p><p><u>Cookies de Geolocalizaci\u00f3n:<\/u><\/p><p>Permiten conocer el lugar donde se encuentra el usuario y ofrecerle la informaci\u00f3n adecuada seg\u00fan la ciudad o pa\u00eds que m\u00e1s le interesa. Esta cookie es an\u00f3nima.<\/p><p><u>Cookies de Personalizaci\u00f3n:<\/u><\/p><p>Permiten reconocer al usuario y ofrecerle informaci\u00f3n personalizada, como el idioma, tipo de navegador, etc.\u00a0<\/p><p><u>Cookies Publicitarias<\/u>:<\/p><p>Permiten gestionar la publicidad que hay en el sitio web, adecu\u00e1ndola al servicio o productos solicitados.\u00a0<\/p><p><u>Cookies de Publicidad Comportamental<\/u>:<\/p><p>Permiten gestionar la publicidad que hay en el sitio web, almacenando comportamientos del usuario como resultado de la observaci\u00f3n continuada de sus h\u00e1bitos de navegaci\u00f3n, lo que permite desarrollar publicidad con un perfil espec\u00edfico.\u00a0<\/p><p><strong>\u00a0<\/strong><\/p><p><strong>2. Tipos de cookies seg\u00fan su duraci\u00f3n <\/strong><\/p><p><u>De sesi\u00f3n:<\/u><\/p><p>Se trata de cookies dise\u00f1adas para recabar y almacenar datos mientras el usuario visita un sitio web. Cuando finaliza la sesi\u00f3n no quedan almacenadas en el dispositivo inform\u00e1tico del usuario.\u00a0<\/p><p><u>Persistentes:<\/u><\/p><p>Se trata de cookies que permanecen instaladas en el dispositivo inform\u00e1tico del usuario y la informaci\u00f3n proporcionada puede ser tratada cuando el usuario abandona el sitio web y cuando vuelva a conectarse de nuevo. Estas cookies pueden ser eliminadas en cualquier momento por el usuario.\u00a0<\/p><p><strong>\u00a0<\/strong><\/p><p><strong>3. Tipos de cookies seg\u00fan la entidad que las gestione <\/strong><\/p><p><u>Cookies Propias<\/u>:<\/p><p>Se trata de cookies que se env\u00edan al dispositivo inform\u00e1tico del usuario desde el sistema inform\u00e1tico propiedad del titular del sitio web, desde donde se ha realizado la solicitud, prestado el servicio o realizado una compra.<\/p><p><u>Cookies de Terceros<\/u>:<\/p><p>Se trata de cookies que se env\u00edan al dispositivo inform\u00e1tico del usuario desde un dominio o sistema inform\u00e1tico que no es propiedad del titular del sitio web, sino por otra entidad tercera autorizada o contratada por el titular del sitio web, desde donde se ha realizado la solicitud, prestado el servicio o realizado una compra.<\/p><p>Debe saber que si acepta las cookies de terceros, deber\u00e1 eliminarlas desde las opciones del navegador o desde el sistema ofrecido por el propio tercero. A continuaci\u00f3n le detallamos sitios que podr\u00e1 visitar para conocer mejor las cookies de terceros (desactivaci\u00f3n, posibles transferencias de datos a terceros pa\u00edses, etc.):<\/p><p><a href=\"https:\/\/support.google.com\/chrome\/answer\/95647?hl=es\">Google Chrome<\/a><\/p><p><a href=\"https:\/\/support.mozilla.org\/es\/kb\/habilitar-y-deshabilitar-cookies-sitios-web-rastrear-preferencias?redirectlocale=es&amp;redirectslug=habilitar-y-deshabilitar-cookies-que-los-sitios-we\">Mozilla Firefox<\/a><\/p><p><a href=\"https:\/\/privacy.microsoft.com\/es-es\/windows-10-microsoft-edge-and-privacy\">Microsoft Edge<\/a><\/p><p><a href=\"https:\/\/support.google.com\/chrome\/answer\/95647?co=GENIE.Platform%3DAndroid&amp;hl=es-419\">Chrome para Android<\/a><\/p><p><a href=\"https:\/\/support.apple.com\/es-es\/guide\/safari\/manage-cookies-and-website-data-sfri11471\/mac\">Safari (Apple)<\/a><\/p><p><a href=\"https:\/\/www.habilitarlascookies.com\/como-habilitar-las-cookies-en-opera.html\">Opera<\/a><\/p><p><a href=\"http:\/\/support.mozilla.org\/es\/kb\/habilitar-y-deshabilitar-cookies-que-los-sitios-we\">Firefox<\/a><\/p><p>As\u00ed como <a href=\"http:\/\/www.google.es\/intl\/es\/policies\/technologies\/cookies\/\">Google AdWords<\/a><\/p><p>Si utiliza otros navegadores le recomendamos consultar su pol\u00edtica de uso y gesti\u00f3n de cookies.<\/p><p>Le puede ser muy \u00fatil la herramienta <a href=\"http:\/\/www.youronlinechoices.com\/\">http:\/\/www.youronlinechoices.com\/<\/a> para gestionar cada una de las cookies.<\/p><p>Le informamos que si desactiva alguna de las cookies, la herramienta de control dejar\u00e1 de funcionar con eficacia y esto puede tener un efecto negativo en su experiencia de navegaci\u00f3n en general.<\/p><p><strong>4. Tipos de cookies exceptuadas de consentimiento<\/strong><\/p><ul><li>Cookies de \u201centrada del usuario\u201d<\/li><li>Cookies de autenticaci\u00f3n o identificaci\u00f3n de usuario (\u00fanicamente de sesi\u00f3n).<\/li><li>Cookies de seguridad del usuario<\/li><li>Cookies de sesi\u00f3n de reproductor multimedia.<\/li><li>Cookies de sesi\u00f3n para equilibrar la carga.<\/li><li>Cookies de personalizaci\u00f3n de la interfaz de usuario.<\/li><li>Determinadas cookies de complemento (plug-in) para intercambiar contenidos sociales.<\/li><\/ul><p><strong>5. Tipos de cookies utilizadas en este sitio web<\/strong><\/p><table><tbody><tr><td><p><b>Cookie<\/b><\/p><\/td><td><p><b>Propietario<\/b><\/p><\/td><td><p><b>Duraci\u00f3n<\/b><\/p><\/td><td><p><b>Finalidad<\/b><\/p><\/td><\/tr><tr><td><p>wordpress_test_cookie<\/p><\/td><td><p>WordPress<\/p><\/td><td><p>Sesi\u00f3n<\/p><\/td><td><p>Esta <i>cookie<\/i> se usa para que el gestor de contenidos WordPress compruebe si el navegador tiene las <i>cookies<\/i> activadas.<\/p><\/td><\/tr><tr><td><p>wordpress_logged_in_.<\/p><\/td><td><p>WordPress<\/p><\/td><td><p>Sesi\u00f3n<\/p><\/td><td><p>Esta <i>cookie <\/i>indica cuando se ha conectado y qui\u00e9n es, siendo utilizado por la interfaz de WordPress.<\/p><\/td><\/tr><tr><td><p>wp-settings-1<\/p><\/td><td><p>WordPress<\/p><\/td><td><p>1 a\u00f1o<\/p><\/td><td><p>Estas cookies son utilizadas por WordPress para personalizar la Interfaz de Usuario.<\/p><\/td><\/tr><tr><td><p>wp-settings-time-1<\/p><\/td><td><p>WordPress<\/p><\/td><td><p>1 a\u00f1o<\/p><\/td><td><p>Estas cookies son utilizadas por WordPress para personalizar la Interfaz de Usuario.<\/p><\/td><\/tr><tr><td><p>cookielawinfo-checkbox-non-necessary<\/p><\/td><td><p>GDPR Cookie Consent plugin<\/p><\/td><td><p>11 meses<\/p><\/td><td><p>Utilizada para la aceptaci\u00f3n de cookies necesarias.<\/p><\/td><\/tr><tr><td><p>cookielawinfo-checkbox-necessary<\/p><\/td><td><p>GDPR Cookie Consent plugin.<\/p><\/td><td><p>11 meses<\/p><\/td><td><p>Utilizada para la aceptaci\u00f3n de cookies necesarias.<\/p><\/td><\/tr><\/tbody><\/table><p>Recomendamos revisar nuestra pol\u00edtica de cookies cada vez que acceda a nuestro sitio web para informarse de cualquier modificaci\u00f3n sobre el uso de nuestras cookies.<\/p><p>Le informamos que si desactiva alguna de las cookies, la herramienta de control dejar\u00e1 de funcionar con eficacia y esto puede tener un efecto negativo en su experiencia de navegaci\u00f3n en general.<\/p><p><strong>6.\u00a0 Elaboraci\u00f3n de perfiles<\/strong><\/p><p>Como parte del deber de informaci\u00f3n del art\u00edculo 13.2 f) del RGPD, le comunicamos que en caso de realizar perfiles sobre su persona, le solicitaremos consentimiento previo. No obstante, debe saber que puede oponerse a ser objeto de una decisi\u00f3n automatizada de sus datos, donde se eval\u00faen aspectos personales, como puede ser analizar o predecir aspectos relacionados con su rendimiento en el trabajo, situaci\u00f3n econ\u00f3mica, salud, las preferencias o intereses personales, fiabilidad o el comportamiento, de manera que a consecuencia de ello se produzcan efectos jur\u00eddicos sobre su persona o le afecte de una manera similar.<\/p><p>Nuestra entidad adoptar\u00e1 las medidas de seguridad adecuadas que protejan sus derechos y libertades, as\u00ed como sus intereses leg\u00edtimos, como son el derecho a obtener intervenci\u00f3n humana por nuestra parte para expresar tu punto de vista e impugnar la decisi\u00f3n.<\/p><p><strong>7.\u00a0 Cesi\u00f3n<\/strong><strong> de datos<\/strong><\/p><p>Sus datos personales no se ceder\u00e1n a otros pa\u00edses ni a terceros. En caso de cesiones a otras entidades o a otros pa\u00edses, le informaremos y solicitaremos su consentimiento previo.<\/p><p><strong>8. Sus Derechos <\/strong><\/p><p>Tiene derecho a conocer si nuestra entidad est\u00e1 tratando sus datos personales; por tanto, tiene derecho a acceder a sus datos, rectificarlos si son inexactos o solicitar su supresi\u00f3n cuando los datos ya no sean necesarios.<\/p><p>Tambi\u00e9n puedes ejercer su derecho de limitaci\u00f3n o portabilidad si as\u00ed lo estima conveniente y para ello puede realizarlo por escrito mediante correo electr\u00f3nico a <a href=\"mailto:info@businessadapter.es\">info@businessadapter.es<\/a> y adjuntando copia de su DNI para identificarte.<\/p><p>Si desea trasladar alguna sugerencia o consulta sobre el tratamiento de tus datos, puede contactar con nuestro delegado\/consultor de protecci\u00f3n de datos:<\/p><p>BUSINESS ADAPTER, S.L.<\/p><p>Ronda Guglielmo Marconi, 11, 26, (Parque Tecnol\u00f3gico) 46980 Paterna (Valencia).<\/p><p>Tel. 96 131 88 04<\/p><p>E-mail: <a href=\"mailto:info@businessadapter.es\">info@businessadapter.es<\/a> \u00a0<\/p><p>Web: <a href=\"https:\/\/www.businessadapter.es\/\">https:\/\/www.businessadapter.es\/<\/a><\/p><p>Si quieres ejercer tus derechos y tienes menos de 14 a\u00f1os, podr\u00e1s ejercerlos a trav\u00e9s de tus padres, tutores o representante legal.<\/p><p>Si quiere realizar una reclamaci\u00f3n por entender que sus derechos han sido vulnerados, puede hacerlo ante la Agencia Espa\u00f1ola de Protecci\u00f3n de Datos, C\/ Jorge Juan, 6, 28001 Madrid o en www.aepd.es.<\/p><p><strong>9. Plazo de conservaci\u00f3n <\/strong><\/p><p>El plazo de conservaci\u00f3n de los datos ser\u00e1 el menor posible, de acuerdo con la finalidad para la cual se recabaron los datos, atendiendo al principio de minimizaci\u00f3n de los datos.<\/p><\/div><\/div><\/div>\t\t\t\t\t<\/div>\n\t\t\t\t\t\t<\/div>\n\t\t\t\t<\/div>\n\t\t\t\t\t\t<\/div>\n\t\t\t\t\t<\/div>\n\t\t<\/div>\n\t\t\t\t\t\t\t\t<\/div>\n\t\t\t\t\t<\/div>\n\t\t<\/section>\n\t\t\t\t\t\t<\/div>\n\t\t\t\t\t\t<\/div>\n\t\t\t\t\t<\/div>\n\t\t","protected":false},"excerpt":{"rendered":"<p>Pol\u00edtica de cookies Seg\u00fan la Ley 34\/2002, de 11 de julio, de Servicios de la Sociedad de la Informaci\u00f3n y Comercio Electr\u00f3nico, (LSSICE) le informamos que nuestro sitio web utiliza Cookies propias y de terceros. Como Usuario de nuestro sitio web, le informamos que utilizamos cookies y\/o tecnolog\u00edas similares (en adelante cookies) que almacenan y &hellip;<\/p>\n<p class=\"read-more\"> <a class=\"\" href=\"http:\/\/estiguin.com\/index.php\/politica-de-cookies\/\"> <span class=\"screen-reader-text\">Pol\u00edtica de Cookies<\/span> Leer m\u00e1s &raquo;<\/a><\/p>\n","protected":false},"author":1,"featured_media":0,"parent":0,"menu_order":0,"comment_status":"closed","ping_status":"closed","template":"","meta":{"_monsterinsights_skip_tracking":false,"_monsterinsights_sitenote_active":false,"_monsterinsights_sitenote_note":"","_monsterinsights_sitenote_category":0},"yoast_head":"<!-- This site is optimized with the Yoast SEO plugin v19.4 - https:\/\/yoast.com\/wordpress\/plugins\/seo\/ -->\n<title>Pol\u00edtica de Cookies - Estiguin<\/title>\n<meta name=\"robots\" content=\"index, follow, max-snippet:-1, max-image-preview:large, max-video-preview:-1\" \/>\n<link rel=\"canonical\" href=\"http:\/\/estiguin.com\/index.php\/politica-de-cookies\/\" \/>\n<meta property=\"og:locale\" content=\"es_ES\" \/>\n<meta property=\"og:type\" content=\"article\" \/>\n<meta property=\"og:title\" content=\"Pol\u00edtica de Cookies - Estiguin\" \/>\n<meta property=\"og:description\" content=\"Pol\u00edtica de cookies Seg\u00fan la Ley 34\/2002, de 11 de julio, de Servicios de la Sociedad de la Informaci\u00f3n y Comercio Electr\u00f3nico, (LSSICE) le informamos que nuestro sitio web utiliza Cookies propias y de terceros. Como Usuario de nuestro sitio web, le informamos que utilizamos cookies y\/o tecnolog\u00edas similares (en adelante cookies) que almacenan y &hellip; Pol\u00edtica de Cookies Leer m\u00e1s &raquo;\" \/>\n<meta property=\"og:url\" content=\"http:\/\/estiguin.com\/index.php\/politica-de-cookies\/\" \/>\n<meta property=\"og:site_name\" content=\"Estiguin\" \/>\n<meta property=\"article:modified_time\" content=\"2020-10-14T13:51:04+00:00\" \/>\n<meta name=\"twitter:card\" content=\"summary_large_image\" \/>\n<meta name=\"twitter:label1\" content=\"Tiempo de lectura\" \/>\n\t<meta name=\"twitter:data1\" content=\"7 minutos\" \/>\n<script type=\"application\/ld+json\" class=\"yoast-schema-graph\">{\"@context\":\"https:\/\/schema.org\",\"@graph\":[{\"@type\":\"WebSite\",\"@id\":\"http:\/\/estiguin.com\/#website\",\"url\":\"http:\/\/estiguin.com\/\",\"name\":\"Estiguin\",\"description\":\"Motorbikes\",\"potentialAction\":[{\"@type\":\"SearchAction\",\"target\":{\"@type\":\"EntryPoint\",\"urlTemplate\":\"http:\/\/estiguin.com\/?s={search_term_string}\"},\"query-input\":\"required name=search_term_string\"}],\"inLanguage\":\"es\"},{\"@type\":\"WebPage\",\"@id\":\"http:\/\/estiguin.com\/index.php\/politica-de-cookies\/\",\"url\":\"http:\/\/estiguin.com\/index.php\/politica-de-cookies\/\",\"name\":\"Pol\u00edtica de Cookies - Estiguin\",\"isPartOf\":{\"@id\":\"http:\/\/estiguin.com\/#website\"},\"datePublished\":\"2020-10-08T10:04:54+00:00\",\"dateModified\":\"2020-10-14T13:51:04+00:00\",\"breadcrumb\":{\"@id\":\"http:\/\/estiguin.com\/index.php\/politica-de-cookies\/#breadcrumb\"},\"inLanguage\":\"es\",\"potentialAction\":[{\"@type\":\"ReadAction\",\"target\":[\"http:\/\/estiguin.com\/index.php\/politica-de-cookies\/\"]}]},{\"@type\":\"BreadcrumbList\",\"@id\":\"http:\/\/estiguin.com\/index.php\/politica-de-cookies\/#breadcrumb\",\"itemListElement\":[{\"@type\":\"ListItem\",\"position\":1,\"name\":\"Home\",\"item\":\"http:\/\/estiguin.com\/\"},{\"@type\":\"ListItem\",\"position\":2,\"name\":\"Pol\u00edtica de Cookies\"}]}]}<\/script>\n<!-- \/ Yoast SEO plugin. -->","yoast_head_json":{"title":"Pol\u00edtica de Cookies - Estiguin","robots":{"index":"index","follow":"follow","max-snippet":"max-snippet:-1","max-image-preview":"max-image-preview:large","max-video-preview":"max-video-preview:-1"},"canonical":"http:\/\/estiguin.com\/index.php\/politica-de-cookies\/","og_locale":"es_ES","og_type":"article","og_title":"Pol\u00edtica de Cookies - Estiguin","og_description":"Pol\u00edtica de cookies Seg\u00fan la Ley 34\/2002, de 11 de julio, de Servicios de la Sociedad de la Informaci\u00f3n y Comercio Electr\u00f3nico, (LSSICE) le informamos que nuestro sitio web utiliza Cookies propias y de terceros. Como Usuario de nuestro sitio web, le informamos que utilizamos cookies y\/o tecnolog\u00edas similares (en adelante cookies) que almacenan y &hellip; Pol\u00edtica de Cookies Leer m\u00e1s &raquo;","og_url":"http:\/\/estiguin.com\/index.php\/politica-de-cookies\/","og_site_name":"Estiguin","article_modified_time":"2020-10-14T13:51:04+00:00","twitter_card":"summary_large_image","twitter_misc":{"Tiempo de lectura":"7 minutos"},"schema":{"@context":"https:\/\/schema.org","@graph":[{"@type":"WebSite","@id":"http:\/\/estiguin.com\/#website","url":"http:\/\/estiguin.com\/","name":"Estiguin","description":"Motorbikes","potentialAction":[{"@type":"SearchAction","target":{"@type":"EntryPoint","urlTemplate":"http:\/\/estiguin.com\/?s={search_term_string}"},"query-input":"required name=search_term_string"}],"inLanguage":"es"},{"@type":"WebPage","@id":"http:\/\/estiguin.com\/index.php\/politica-de-cookies\/","url":"http:\/\/estiguin.com\/index.php\/politica-de-cookies\/","name":"Pol\u00edtica de Cookies - Estiguin","isPartOf":{"@id":"http:\/\/estiguin.com\/#website"},"datePublished":"2020-10-08T10:04:54+00:00","dateModified":"2020-10-14T13:51:04+00:00","breadcrumb":{"@id":"http:\/\/estiguin.com\/index.php\/politica-de-cookies\/#breadcrumb"},"inLanguage":"es","potentialAction":[{"@type":"ReadAction","target":["http:\/\/estiguin.com\/index.php\/politica-de-cookies\/"]}]},{"@type":"BreadcrumbList","@id":"http:\/\/estiguin.com\/index.php\/politica-de-cookies\/#breadcrumb","itemListElement":[{"@type":"ListItem","position":1,"name":"Home","item":"http:\/\/estiguin.com\/"},{"@type":"ListItem","position":2,"name":"Pol\u00edtica de Cookies"}]}]}},"_links":{"self":[{"href":"http:\/\/estiguin.com\/index.php\/wp-json\/wp\/v2\/pages\/2187"}],"collection":[{"href":"http:\/\/estiguin.com\/index.php\/wp-json\/wp\/v2\/pages"}],"about":[{"href":"http:\/\/estiguin.com\/index.php\/wp-json\/wp\/v2\/types\/page"}],"author":[{"embeddable":true,"href":"http:\/\/estiguin.com\/index.php\/wp-json\/wp\/v2\/users\/1"}],"replies":[{"embeddable":true,"href":"http:\/\/estiguin.com\/index.php\/wp-json\/wp\/v2\/comments?post=2187"}],"version-history":[{"count":6,"href":"http:\/\/estiguin.com\/index.php\/wp-json\/wp\/v2\/pages\/2187\/revisions"}],"predecessor-version":[{"id":3085,"href":"http:\/\/estiguin.com\/index.php\/wp-json\/wp\/v2\/pages\/2187\/revisions\/3085"}],"wp:attachment":[{"href":"http:\/\/estiguin.com\/index.php\/wp-json\/wp\/v2\/media?parent=2187"}],"curies":[{"name":"wp","href":"https:\/\/api.w.org\/{rel}","templated":true}]}}